{"id":4401,"date":"2020-04-21T16:01:45","date_gmt":"2020-04-21T13:01:45","guid":{"rendered":"http:\/\/bostavan.md\/press-release\/"},"modified":"2022-10-10T13:32:54","modified_gmt":"2022-10-10T10:32:54","slug":"press-release","status":"publish","type":"page","link":"https:\/\/bostavan.md\/en\/press-release\/","title":{"rendered":"Comunicat de pres\u0103"},"content":{"rendered":"<p>[vc_row][vc_column][vc_column_text]<\/p>\n<h3 style=\"text-align: center;\"><strong>Comunicat de pres\u0103<\/strong><\/h3>\n<p style=\"text-align: center;\">21.04.2020<\/p>\n<p style=\"text-align: center;\"><em>Privind depistarea persoanelor infectate cu Covid-19 la fabrica de producere din Vulc\u0103ne\u0219ti<\/em><\/p>\n<p>[\/vc_column_text][vc_column_text]Pandemia Covid-19 afecteaz\u0103 tot mai multe domenii \u0219i persoane \u0219i, din p\u0103cate, nici fabrica de producere din Etulia a Vin\u0103riei Bostavan nu a fost o excep\u021bie. \u00cen pofida tuturor m\u0103surilor de siguran\u021b\u0103 luate pentru a proteja angaja\u021bii, 6 persoane au fost testate pozitiv pentru Covid-19.<\/p>\n<p>Informa\u021bia despre testarea pozitiv\u0103 a parvenit pe parcursul weekend-ului de Pa\u0219te, prima persoan\u0103 fiind revenit\u0103 recent dintr-o c\u0103l\u0103torie \u00een scop personal \u00een Rusia. Imediat ce managementul a aflat despre acest fapt, persoana respectiv\u0103 a intrat \u00een autoizolare. Men\u021bion\u0103m c\u0103 aceasta nu a mai fost \u00eencadrat\u0103 \u00een procesul de producere \u00eencep\u00e2nd cu data de 1 aprilie 2020. Alte dou\u0103 persoane sunt \u00een leg\u0103tur\u0103 de rudenie \u0219i locuiesc \u00een aceea\u0219i gospod\u0103rie. Toate cele 6 persoane sunt spitalizate.<\/p>\n<p>\u00cen acest sens, Vin\u0103ria Bostavan men\u021bioneaz\u0103 c\u0103 activitatea fabricii de producere a fost coordonat\u0103 cu autorit\u0103\u021bile publice locale \u0219i cu Comisia Local\u0103 pentru Situa\u021bii Excep\u021bionale, iar protocoalele medicale ale autorit\u0103\u021bilor interna\u021bionale \u0219i na\u021bionale pentru a asigura cele mai \u00eenalte standarde de protec\u021bie au fost strict respectate imediat ce a \u00eenceput pandemia.<\/p>\n<p>&nbsp;<\/p>\n<p><script async src=\"https:\/\/pagead2.googlesyndication.com\/pagead\/js\/adsbygoogle.js?client=ca-pub-7403709923118264\" crossorigin=\"anonymous\"><\/script><\/p>\n<p>Printre m\u0103surile de siguran\u021b\u0103 luate odat\u0103 cu debutul pandemiei:<\/p>\n<ul>\n<li>Au fost instalate dozatoare cu dezinfectan\u021bi \u00een toate punctele de lucru, care erau completate zilnic;<\/li>\n<li>Tura de munc\u0103 \u00eencepea doar dup\u0103 ce membrii personalului treceau peste covora\u0219e cu solu\u021bie de clor pentru cur\u0103\u021birea \u00eenc\u0103l\u021b\u0103mintei;<\/li>\n<li>To\u021bi angaja\u021bii au fost asigura\u021bi constant cu m\u0103\u0219ti, m\u0103nu\u0219i sanitare, \u0219erve\u021bele umede cu alcool;<\/li>\n<li>Se m\u0103sura temperatura corpului tuturor angaja\u021bilor \u0219i vizitatorilor pe teritoriul Fabricii cu ajutorul unui termometru cu infraro\u0219u (f\u0103r\u0103 contact). Accesul persoanelor cu temperatur\u0103 corporal\u0103 de 37\u00b0 pe teritoriu era strict interzis\u0103;<\/li>\n<li>Personalul a fost informat despre m\u0103surile de preven\u021bie \u0219i regulile necesare de respectat prin bro\u0219uri informative \u0219i autocolante, care au fost afi\u0219ate \u00een fiecare \u00eenc\u0103pere, inclusiv despre regulile de distan\u021bare fizic\u0103 \u0219i social\u0103 de cel pu\u021bin 1.5m \u00eentre angaja\u021bii la vin\u0103rie.<\/li>\n<\/ul>\n<p>Totodat\u0103, managementul Companiei este \u00een colaborare str\u00e2ns\u0103 cu autorit\u0103\u021bile pentru a sus\u021bine ac\u021biunile de depistare a persoanelor infectate \u0219i izolarea oric\u0103ror altor cazuri posibile de infectare. Astfel, pe l\u00e2ng\u0103 eforturile de depistare a persoanelor infectate cu Covid-19 \u0219i a test\u0103rilor \u00eentreprinse de autorit\u0103\u021bi, Compania a coordonat testarea la un laborator privat, contractat pentru astfel de posibile situa\u021bii la debutul pandemiei, pentru to\u021bi angaja\u021bii \u0219i membrii familiilor lor, care sunt cunoscu\u021bi c\u0103 au fost \u00een contact cu persoanele infectate. Testarea se va face din contul companiei.<\/p>\n<p>Obiectivul de producere a fost declarat \u00een carantin\u0103 \u00eencep\u00e2nd cu data de 16 aprilie p\u00e2n\u0103 la 4 mai 2020, iar tot personalul este autoizolat la domiciliu. Carantina a coincis par\u021bial cu vacan\u021ba anual\u0103 de 1 s\u0103pt\u0103m\u00e2n\u0103 cu ocazia s\u0103rb\u0103torilor de Pa\u0219te \u0219i a fost extins\u0103 p\u00e2n\u0103 pe 4 mai, pentru a asigura termenul optim de 14 zile, ceea ce va oferi destul timp pentru \u00eentreprinderea tuturor ac\u021biunilor de dezinfectare. Punctele de lucru au fost dezinfectate imediat, iar \u00een perioada urm\u0103toare \u2013 managementul va \u00eentreprinde m\u0103suri suplimentare de dezinfec\u021bie la toate punctele de lucru.<\/p>\n<p>S\u0103n\u0103tatea \u0219i siguran\u021ba angaja\u021bilor no\u0219tri este prioritatea noastr\u0103 num\u0103rul unu, iar g\u00e2ndurile noastre sunt cu colegii \u00a0spitaliza\u021bi. Le dorim o recuperare complet\u0103 \u0219i rapid\u0103. Noi vom continua s\u0103 ne concentr\u0103m toate eforturile noastre spre sus\u021binerea \u0219i asigurarea siguran\u021bei \u00eentregului personal, cum am f\u0103cut-o din prima zi a declar\u0103rii st\u0103rii de urgen\u021b\u0103, dar \u0219i \u00eentotdeauna.<\/p>\n<p style=\"text-align: center;\"><script async src=\"https:\/\/pagead2.googlesyndication.com\/pagead\/js\/adsbygoogle.js?client=ca-pub-7403709923118264\" crossorigin=\"anonymous\"><\/script><br \/>\n<!-- Comunicat --><br \/>\n<ins class=\"adsbygoogle\" style=\"display: inline-block; width: 728px; height: 90px;\" data-ad-client=\"ca-pub-7403709923118264\" data-ad-slot=\"8816607215\"><\/ins><br \/>\n<script>\n     (adsbygoogle = window.adsbygoogle || []).push({});\n<\/script><\/p>\n<p style=\"text-align: center;\"><em>Pentru detalii suplimentare, contacta\u021bi:<\/em><em><br \/>\n<\/em><a href=\"mailto:bostavan@bostavan.md\"><em>bostavan@bostavan.md<\/em><\/a><\/p>\n<p>[\/vc_column_text][\/vc_column][\/vc_row]<\/p>\n","protected":false},"excerpt":{"rendered":"<p>[vc_row][vc_column][vc_column_text] Comunicat de pres\u0103 21.04.2020 Privind depistarea persoanelor infectate cu Covid-19 la fabrica de producere din Vulc\u0103ne\u0219ti [\/vc_column_text][vc_column_text]Pandemia Covid-19 afecteaz\u0103 tot mai multe domenii \u0219i persoane \u0219i, din p\u0103cate, nici fabrica de producere din Etulia a Vin\u0103riei Bostavan nu a fost o excep\u021bie. \u00cen pofida tuturor m\u0103surilor de siguran\u021b\u0103 luate pentru a proteja angaja\u021bii, 6 persoane au fost testate pozitiv&hellip;<\/p>\n","protected":false},"author":12,"featured_media":0,"parent":0,"menu_order":0,"comment_status":"closed","ping_status":"closed","template":"","meta":[],"yoast_head":"<!-- This site is optimized with the Yoast SEO plugin v19.11 - https:\/\/yoast.com\/wordpress\/plugins\/seo\/ -->\n<title>Comunicat de pres\u0103 - Bostavan<\/title>\n<meta name=\"robots\" content=\"index, follow, max-snippet:-1, max-image-preview:large, max-video-preview:-1\" \/>\n<link rel=\"canonical\" href=\"https:\/\/bostavan.md\/en\/press-release\/\" \/>\n<meta property=\"og:locale\" content=\"en_US\" \/>\n<meta property=\"og:type\" content=\"article\" \/>\n<meta property=\"og:title\" content=\"Comunicat de pres\u0103 - Bostavan\" \/>\n<meta property=\"og:description\" content=\"[vc_row][vc_column][vc_column_text] Comunicat de pres\u0103 21.04.2020 Privind depistarea persoanelor infectate cu Covid-19 la fabrica de producere din Vulc\u0103ne\u0219ti [\/vc_column_text][vc_column_text]Pandemia Covid-19 afecteaz\u0103 tot mai multe domenii \u0219i persoane \u0219i, din p\u0103cate, nici fabrica de producere din Etulia a Vin\u0103riei Bostavan nu a fost o excep\u021bie. \u00cen pofida tuturor m\u0103surilor de siguran\u021b\u0103 luate pentru a proteja angaja\u021bii, 6 persoane au fost testate pozitiv&hellip;\" \/>\n<meta property=\"og:url\" content=\"https:\/\/bostavan.md\/en\/press-release\/\" \/>\n<meta property=\"og:site_name\" content=\"Bostavan\" \/>\n<meta property=\"article:modified_time\" content=\"2022-10-10T10:32:54+00:00\" \/>\n<meta name=\"twitter:card\" content=\"summary_large_image\" \/>\n<meta name=\"twitter:label1\" content=\"Est. reading time\" \/>\n\t<meta name=\"twitter:data1\" content=\"3 minutes\" \/>\n<script type=\"application\/ld+json\" class=\"yoast-schema-graph\">{\"@context\":\"https:\/\/schema.org\",\"@graph\":[{\"@type\":\"WebPage\",\"@id\":\"https:\/\/bostavan.md\/en\/press-release\/\",\"url\":\"https:\/\/bostavan.md\/en\/press-release\/\",\"name\":\"Comunicat de pres\u0103 - Bostavan\",\"isPartOf\":{\"@id\":\"https:\/\/bostavan.md\/#website\"},\"datePublished\":\"2020-04-21T13:01:45+00:00\",\"dateModified\":\"2022-10-10T10:32:54+00:00\",\"breadcrumb\":{\"@id\":\"https:\/\/bostavan.md\/en\/press-release\/#breadcrumb\"},\"inLanguage\":\"en-US\",\"potentialAction\":[{\"@type\":\"ReadAction\",\"target\":[\"https:\/\/bostavan.md\/en\/press-release\/\"]}]},{\"@type\":\"BreadcrumbList\",\"@id\":\"https:\/\/bostavan.md\/en\/press-release\/#breadcrumb\",\"itemListElement\":[{\"@type\":\"ListItem\",\"position\":1,\"name\":\"Prima pagin\u0103\",\"item\":\"https:\/\/bostavan.md\/en\/\"},{\"@type\":\"ListItem\",\"position\":2,\"name\":\"Comunicat de pres\u0103\"}]},{\"@type\":\"WebSite\",\"@id\":\"https:\/\/bostavan.md\/#website\",\"url\":\"https:\/\/bostavan.md\/\",\"name\":\"Bostavan\",\"description\":\"\",\"potentialAction\":[{\"@type\":\"SearchAction\",\"target\":{\"@type\":\"EntryPoint\",\"urlTemplate\":\"https:\/\/bostavan.md\/?s={search_term_string}\"},\"query-input\":\"required name=search_term_string\"}],\"inLanguage\":\"en-US\"}]}<\/script>\n<!-- \/ Yoast SEO plugin. -->","yoast_head_json":{"title":"Comunicat de pres\u0103 - Bostavan","robots":{"index":"index","follow":"follow","max-snippet":"max-snippet:-1","max-image-preview":"max-image-preview:large","max-video-preview":"max-video-preview:-1"},"canonical":"https:\/\/bostavan.md\/en\/press-release\/","og_locale":"en_US","og_type":"article","og_title":"Comunicat de pres\u0103 - Bostavan","og_description":"[vc_row][vc_column][vc_column_text] Comunicat de pres\u0103 21.04.2020 Privind depistarea persoanelor infectate cu Covid-19 la fabrica de producere din Vulc\u0103ne\u0219ti [\/vc_column_text][vc_column_text]Pandemia Covid-19 afecteaz\u0103 tot mai multe domenii \u0219i persoane \u0219i, din p\u0103cate, nici fabrica de producere din Etulia a Vin\u0103riei Bostavan nu a fost o excep\u021bie. \u00cen pofida tuturor m\u0103surilor de siguran\u021b\u0103 luate pentru a proteja angaja\u021bii, 6 persoane au fost testate pozitiv&hellip;","og_url":"https:\/\/bostavan.md\/en\/press-release\/","og_site_name":"Bostavan","article_modified_time":"2022-10-10T10:32:54+00:00","twitter_card":"summary_large_image","twitter_misc":{"Est. reading time":"3 minutes"},"schema":{"@context":"https:\/\/schema.org","@graph":[{"@type":"WebPage","@id":"https:\/\/bostavan.md\/en\/press-release\/","url":"https:\/\/bostavan.md\/en\/press-release\/","name":"Comunicat de pres\u0103 - Bostavan","isPartOf":{"@id":"https:\/\/bostavan.md\/#website"},"datePublished":"2020-04-21T13:01:45+00:00","dateModified":"2022-10-10T10:32:54+00:00","breadcrumb":{"@id":"https:\/\/bostavan.md\/en\/press-release\/#breadcrumb"},"inLanguage":"en-US","potentialAction":[{"@type":"ReadAction","target":["https:\/\/bostavan.md\/en\/press-release\/"]}]},{"@type":"BreadcrumbList","@id":"https:\/\/bostavan.md\/en\/press-release\/#breadcrumb","itemListElement":[{"@type":"ListItem","position":1,"name":"Prima pagin\u0103","item":"https:\/\/bostavan.md\/en\/"},{"@type":"ListItem","position":2,"name":"Comunicat de pres\u0103"}]},{"@type":"WebSite","@id":"https:\/\/bostavan.md\/#website","url":"https:\/\/bostavan.md\/","name":"Bostavan","description":"","potentialAction":[{"@type":"SearchAction","target":{"@type":"EntryPoint","urlTemplate":"https:\/\/bostavan.md\/?s={search_term_string}"},"query-input":"required name=search_term_string"}],"inLanguage":"en-US"}]}},"_links":{"self":[{"href":"https:\/\/bostavan.md\/en\/wp-json\/wp\/v2\/pages\/4401\/"}],"collection":[{"href":"https:\/\/bostavan.md\/en\/wp-json\/wp\/v2\/pages\/"}],"about":[{"href":"https:\/\/bostavan.md\/en\/wp-json\/wp\/v2\/types\/page\/"}],"author":[{"embeddable":true,"href":"https:\/\/bostavan.md\/en\/wp-json\/wp\/v2\/users\/12\/"}],"replies":[{"embeddable":true,"href":"https:\/\/bostavan.md\/en\/wp-json\/wp\/v2\/comments\/?post=4401"}],"version-history":[{"count":5,"href":"https:\/\/bostavan.md\/en\/wp-json\/wp\/v2\/pages\/4401\/revisions\/"}],"predecessor-version":[{"id":4615,"href":"https:\/\/bostavan.md\/en\/wp-json\/wp\/v2\/pages\/4401\/revisions\/4615\/"}],"wp:attachment":[{"href":"https:\/\/bostavan.md\/en\/wp-json\/wp\/v2\/media\/?parent=4401"}],"curies":[{"name":"wp","href":"https:\/\/api.w.org\/{rel}","templated":true}]}}